{"id":1461,"date":"2014-11-01T20:05:56","date_gmt":"2014-11-01T19:05:56","guid":{"rendered":"http:\/\/www.familledelabrie.fr\/?page_id=1461"},"modified":"2026-02-28T19:29:48","modified_gmt":"2026-02-28T18:29:48","slug":"introduction","status":"publish","type":"page","link":"https:\/\/www.familledelabrie.fr\/?page_id=1461","title":{"rendered":"Introduction"},"content":{"rendered":"<p><a href=\"https:\/\/www.familledelabrie.fr\/\/wp-content\/uploads\/2014\/03\/FdlB-officiel2.jpg\"><img loading=\"lazy\" decoding=\"async\" class=\" wp-image-17 aligncenter\" src=\"https:\/\/www.familledelabrie.fr\/\/wp-content\/uploads\/2014\/03\/FdlB-officiel2-230x300.jpg\" alt=\"FdlB-officiel\" width=\"230\" height=\"300\" srcset=\"https:\/\/www.familledelabrie.fr\/wp-content\/uploads\/2014\/03\/FdlB-officiel2-230x300.jpg 230w, https:\/\/www.familledelabrie.fr\/wp-content\/uploads\/2014\/03\/FdlB-officiel2-785x1024.jpg 785w, https:\/\/www.familledelabrie.fr\/wp-content\/uploads\/2014\/03\/FdlB-officiel2.jpg 1181w\" sizes=\"auto, (max-width: 230px) 100vw, 230px\" \/><\/a><\/p>\n<p style=\"text-align: justify;\">La famille de la Brie est un regroupement de 7 compagnies d&rsquo;arc &nbsp;de Seine et Marne ou proche.<\/p>\n<ul>\n<li>Br\u00e9gy<\/li>\n<li>Champs sur Marne<\/li>\n<li>Esbly<\/li>\n<li>Le Pin<\/li>\n<li>Montry<\/li>\n<li>Provins<\/li>\n<li>Saint Pathus<\/li>\n<\/ul>\n<p>Sont \u00e9galement repr\u00e9sent\u00e9es par certains de leurs chevaliers, les compagnies de :<\/p>\n<ul>\n<li>Mitry Mory<\/li>\n<li>Quincy Voisins<\/li>\n<li>Dampmart<\/li>\n<\/ul>\n<p>Elle est compos\u00e9e de tous les chevaliers de ces compagnies, plus des chevaliers isol\u00e9s qui veulent garder le lien qui nous unis.<\/p>\n<p style=\"text-align: justify;\">En se regroupant ainsi, ces 7 compagnies \u00e9mettent le souhait de promulguer et de faire \u00e9voluer, si n\u00e9cessaires, les anciennes traditions du tir \u00e0 l&rsquo;arc Beursault dans leurs jeux d&rsquo;arc.<\/p>\n<p style=\"text-align: justify;\">La famille ne se substitue en rien au comit\u00e9 d\u00e9partemental ou une autre structure f\u00e9d\u00e9rale, mais permet un \u00e9change d&rsquo;informations li\u00e9e aux traditions du tir Beursault, avec les bonnes relations et la courtoisie que cela am\u00e8ne entre archers pratiquants le noble jeu de l&rsquo;arc selon cette coutume.<\/p>\n<p style=\"text-align: justify;\">La famille de la Brie est l&rsquo;une des 8 familles qui constituent <a href=\"http:\/\/rondedesfamillesidf.free.fr\/\">la ronde d\u2019\u00cele de France<\/a> et dont les objectifs sont les m\u00eame, mais \u00e0 un niveau r\u00e9gional.<\/p>\n<p style=\"text-align: justify;\">La famille de la Brie est actuellement pr\u00e9sid\u00e9e par Fran\u00e7oise Fouquet, de la compagnie d&rsquo;arc de Provins.<\/p>\n","protected":false},"excerpt":{"rendered":"<p>La famille de la Brie est un regroupement de 7 compagnies d&rsquo;arc &nbsp;de Seine et Marne ou proche. Br\u00e9gy Champs sur Marne Esbly Le Pin Montry Provins Saint Pathus Sont \u00e9galement repr\u00e9sent\u00e9es par certains de leurs chevaliers, les compagnies de : Mitry Mory Quincy Voisins Dampmart Elle est compos\u00e9e de tous les chevaliers de ces &hellip; <a href=\"https:\/\/www.familledelabrie.fr\/?page_id=1461\" class=\"more-link\">Continuer la lecture de <span class=\"screen-reader-text\">Introduction<\/span> <span class=\"meta-nav\">&rarr;<\/span><\/a><\/p>\n","protected":false},"author":1,"featured_media":0,"parent":0,"menu_order":0,"comment_status":"open","ping_status":"open","template":"","meta":{"_bbp_topic_count":0,"_bbp_reply_count":0,"_bbp_total_topic_count":0,"_bbp_total_reply_count":0,"_bbp_voice_count":0,"_bbp_anonymous_reply_count":0,"_bbp_topic_count_hidden":0,"_bbp_reply_count_hidden":0,"_bbp_forum_subforum_count":0,"ngg_post_thumbnail":0,"footnotes":""},"class_list":["post-1461","page","type-page","status-publish","hentry"],"_links":{"self":[{"href":"https:\/\/www.familledelabrie.fr\/index.php?rest_route=\/wp\/v2\/pages\/1461","targetHints":{"allow":["GET"]}}],"collection":[{"href":"https:\/\/www.familledelabrie.fr\/index.php?rest_route=\/wp\/v2\/pages"}],"about":[{"href":"https:\/\/www.familledelabrie.fr\/index.php?rest_route=\/wp\/v2\/types\/page"}],"author":[{"embeddable":true,"href":"https:\/\/www.familledelabrie.fr\/index.php?rest_route=\/wp\/v2\/users\/1"}],"replies":[{"embeddable":true,"href":"https:\/\/www.familledelabrie.fr\/index.php?rest_route=%2Fwp%2Fv2%2Fcomments&post=1461"}],"version-history":[{"count":10,"href":"https:\/\/www.familledelabrie.fr\/index.php?rest_route=\/wp\/v2\/pages\/1461\/revisions"}],"predecessor-version":[{"id":7120,"href":"https:\/\/www.familledelabrie.fr\/index.php?rest_route=\/wp\/v2\/pages\/1461\/revisions\/7120"}],"wp:attachment":[{"href":"https:\/\/www.familledelabrie.fr\/index.php?rest_route=%2Fwp%2Fv2%2Fmedia&parent=1461"}],"curies":[{"name":"wp","href":"https:\/\/api.w.org\/{rel}","templated":true}]}}